{"id":225,"date":"2017-12-08T12:24:16","date_gmt":"2017-12-08T11:24:16","guid":{"rendered":"http:\/\/personal-connection.eu\/?page_id=225"},"modified":"2025-05-05T13:02:02","modified_gmt":"2025-05-05T11:02:02","slug":"ueber-uns","status":"publish","type":"page","link":"https:\/\/www.personal-connection.eu\/pl\/ueber-uns\/","title":{"rendered":"\u00dcber uns"},"content":{"rendered":"<div class=\"wpb-content-wrapper\"><p><\/p>\n<p>[vc_row css=&#8221;.vc_custom_1512729440564{padding-bottom: 50px !important;}&#8221;][vc_column][vc_row_inner][vc_column_inner][vc_column_text css=&#8221;&#8221;]<\/p>\n<h3 class=\"content\">Personal-connection- rozwi\u0105zaniem Pa\u0144stwa problem\u00f3w personalnych.<\/h3>\n<p>Stale rosn\u0105ce wymagania powoduj\u0105 zmiany na rynku pracy i tym samym powstaje konieczno\u015b\u0107 szybkiego dzia\u0142ania i elastycznego podej\u015bcia w kwestiach kadrowych.<\/p>\n<p><strong>Nasze zadania jako agencji pracy tymczasowej:<\/strong><br \/>\nOddajemy naszym klientom do dyspozycji zmotywowanych pracownik\u00f3w, kt\u00f3rzy spe\u0142niaj\u0105 stawiane im wymagania oraz potrafi\u0105 poradzi\u0107 sobie z powierzonymi im zadaniami. Stawiamy naszym pracownikom wysok\u0105 poprzeczk\u0119, aby mogli sprosta\u0107 oczekiwaniom naszych klient\u00f3w. W tym wszystkim nie zapominamy r\u00f3wnie\u017c o czynniku ludzkim. Tylko pracownicy, kt\u00f3rzy dobrze si\u0119 czuj\u0105 w swoim otoczeniu, mog\u0105 wypracowa\u0107 oczekiwany efekt. D\u0142ugoletnie relacje z naszymi klientami oraz z naszym personelem przyczyniaj\u0105 si\u0119 do budowania zaufania i zapewniaj\u0105 poczucie odpowiedzialno\u015bci.<\/p>\n<p><strong>Naszym klientom oferujemy \u201ePakiet bez troski<\/strong><br \/>\nPracownicy zatrudnieni s\u0105 u nas na bazie sta\u0142ej umowy o prace, st\u0105d te\u017c nie musz\u0105 martwi\u0107 si\u0119 Pa\u0144stwo o personalne koszty uboczne, dodatki urlopowe, dodatki \u015bwi\u0105teczne i inne \u015bwiadczenia. Rozliczaj\u0105 si\u0119 Pa\u0144stwo tylko za przepracowane przez pracownika w Pa\u0144stwa przedsi\u0119biorstwie godziny. Stosunek pracy mo\u017cna zako\u0144czy\u0107 po up\u0142ywie uzgodnionego terminu bez spornych dyskusji.<br \/>\nMog\u0105 Pa\u0144stwo dowiedzie\u0107 si\u0119 <a href=\"\/unternehmen\">[tutaj]<\/a> wi\u0119cej o naszych us\u0142ugach dla Pa\u0144stwa przedsi\u0119biorstwa.<\/p>\n<p><strong>Naszym pracownikom oferujemy pewne miejsce zatrudnienia:<\/strong><br \/>\nS\u0105 oni u nas zatrudnieni na bazie umowy o prac\u0119. Korzystaj\u0105 ze wszystkich przywilej\u00f3w zwi\u0105zanych z zatrudnieniem na bazie umowy o prac\u0119. Otrzymuj\u0105 dodatek \u015bwi\u0105teczny i urlopowy. S\u0105 wynagradzani adekwatne do osi\u0105ganych przez nich wynik\u00f3w oraz wykonuj\u0105 ciekaw\u0105 prac\u0119.<\/p>\n<p>Mog\u0105 Pa\u0144stwo dowiedzie\u0107 si\u0119 <a href=\"http:\/\/personal-connection.eu\/fuer-bewerber\/\">[tutaj]<\/a> wi\u0119cej na temat naszej firmy jako pracodawcy.<br \/>\nZapraszamy do przejrzenia <a href=\"http:\/\/personal-connection.eu\/jobs\/\">[tutaj]<\/a> wolnych stanowisk pracy.[\/vc_column_text][\/vc_column_inner][\/vc_row_inner][\/vc_column][\/vc_row]<\/p>\n<p><\/p>\n<\/div>","protected":false},"excerpt":{"rendered":"<p>[vc_row css=&#8221;.vc_custom_1512729440564{padding-bottom: 50px !important;}&#8221;][vc_column][vc_row_inner][vc_column_inner][vc_column_text css=&#8221;&#8221;] Personal-connection- rozwi\u0105zaniem Pa\u0144stwa problem\u00f3w personalnych. Stale rosn\u0105ce wymagania powoduj\u0105 zmiany na rynku pracy i tym samym powstaje konieczno\u015b\u0107 szybkiego dzia\u0142ania i elastycznego podej\u015bcia w kwestiach kadrowych. Nasze zadania jako agencji pracy tymczasowej: Oddajemy naszym klientom do dyspozycji zmotywowanych pracownik\u00f3w, kt\u00f3rzy spe\u0142niaj\u0105 stawiane im wymagania oraz potrafi\u0105 poradzi\u0107 sobie z powierzonymi [&hellip;]<\/p>\n","protected":false},"author":2,"featured_media":0,"parent":0,"menu_order":0,"comment_status":"closed","ping_status":"closed","template":"page-sidebar.php","meta":{"footnotes":""},"class_list":["post-225","page","type-page","status-publish","hentry"],"yoast_head":"<!-- This site is optimized with the Yoast SEO plugin v27.6 - https:\/\/yoast.com\/product\/yoast-seo-wordpress\/ -->\n<title>\u00dcber uns - personal-connection<\/title>\n<meta name=\"robots\" content=\"index, follow, max-snippet:-1, max-image-preview:large, max-video-preview:-1\" \/>\n<link rel=\"canonical\" href=\"https:\/\/www.personal-connection.eu\/ueber-uns\/\" \/>\n<meta property=\"og:locale\" content=\"pl_PL\" \/>\n<meta property=\"og:type\" content=\"article\" \/>\n<meta property=\"og:title\" content=\"\u00dcber uns - personal-connection\" \/>\n<meta property=\"og:description\" content=\"[vc_row css=&#8221;.vc_custom_1512729440564{padding-bottom: 50px !important;}&#8221;][vc_column][vc_row_inner][vc_column_inner][vc_column_text css=&#8221;&#8221;] Personal-connection- rozwi\u0105zaniem Pa\u0144stwa problem\u00f3w personalnych. Stale rosn\u0105ce wymagania powoduj\u0105 zmiany na rynku pracy i tym samym powstaje konieczno\u015b\u0107 szybkiego dzia\u0142ania i elastycznego podej\u015bcia w kwestiach kadrowych. Nasze zadania jako agencji pracy tymczasowej: Oddajemy naszym klientom do dyspozycji zmotywowanych pracownik\u00f3w, kt\u00f3rzy spe\u0142niaj\u0105 stawiane im wymagania oraz potrafi\u0105 poradzi\u0107 sobie z powierzonymi [&hellip;]\" \/>\n<meta property=\"og:url\" content=\"https:\/\/www.personal-connection.eu\/ueber-uns\/\" \/>\n<meta property=\"og:site_name\" content=\"personal-connection\" \/>\n<meta property=\"article:modified_time\" content=\"2025-05-05T11:02:02+00:00\" \/>\n<meta name=\"twitter:card\" content=\"summary_large_image\" \/>\n<meta name=\"twitter:label1\" content=\"Szacowany czas czytania\" \/>\n\t<meta name=\"twitter:data1\" content=\"5 minut\" \/>\n<script type=\"application\/ld+json\" class=\"yoast-schema-graph\">{\"@context\":\"https:\\\/\\\/schema.org\",\"@graph\":[{\"@type\":\"WebPage\",\"@id\":\"https:\\\/\\\/www.personal-connection.eu\\\/ueber-uns\\\/\",\"url\":\"https:\\\/\\\/www.personal-connection.eu\\\/ueber-uns\\\/\",\"name\":\"\u00dcber uns - personal-connection\",\"isPartOf\":{\"@id\":\"https:\\\/\\\/www.personal-connection.eu\\\/#website\"},\"datePublished\":\"2017-12-08T11:24:16+00:00\",\"dateModified\":\"2025-05-05T11:02:02+00:00\",\"breadcrumb\":{\"@id\":\"https:\\\/\\\/www.personal-connection.eu\\\/ueber-uns\\\/#breadcrumb\"},\"inLanguage\":\"pl-PL\",\"potentialAction\":[{\"@type\":\"ReadAction\",\"target\":[\"https:\\\/\\\/www.personal-connection.eu\\\/ueber-uns\\\/\"]}]},{\"@type\":\"BreadcrumbList\",\"@id\":\"https:\\\/\\\/www.personal-connection.eu\\\/ueber-uns\\\/#breadcrumb\",\"itemListElement\":[{\"@type\":\"ListItem\",\"position\":1,\"name\":\"Startseite\",\"item\":\"https:\\\/\\\/www.personal-connection.eu\\\/\"},{\"@type\":\"ListItem\",\"position\":2,\"name\":\"\u00dcber uns\"}]},{\"@type\":\"WebSite\",\"@id\":\"https:\\\/\\\/www.personal-connection.eu\\\/#website\",\"url\":\"https:\\\/\\\/www.personal-connection.eu\\\/\",\"name\":\"personal-connection\",\"description\":\"Vermittlung von Busfahrern in Deutschland\",\"potentialAction\":[{\"@type\":\"SearchAction\",\"target\":{\"@type\":\"EntryPoint\",\"urlTemplate\":\"https:\\\/\\\/www.personal-connection.eu\\\/?s={search_term_string}\"},\"query-input\":{\"@type\":\"PropertyValueSpecification\",\"valueRequired\":true,\"valueName\":\"search_term_string\"}}],\"inLanguage\":\"pl-PL\"}]}<\/script>\n<!-- \/ Yoast SEO plugin. -->","yoast_head_json":{"title":"\u00dcber uns - personal-connection","robots":{"index":"index","follow":"follow","max-snippet":"max-snippet:-1","max-image-preview":"max-image-preview:large","max-video-preview":"max-video-preview:-1"},"canonical":"https:\/\/www.personal-connection.eu\/ueber-uns\/","og_locale":"pl_PL","og_type":"article","og_title":"\u00dcber uns - personal-connection","og_description":"[vc_row css=&#8221;.vc_custom_1512729440564{padding-bottom: 50px !important;}&#8221;][vc_column][vc_row_inner][vc_column_inner][vc_column_text css=&#8221;&#8221;] Personal-connection- rozwi\u0105zaniem Pa\u0144stwa problem\u00f3w personalnych. Stale rosn\u0105ce wymagania powoduj\u0105 zmiany na rynku pracy i tym samym powstaje konieczno\u015b\u0107 szybkiego dzia\u0142ania i elastycznego podej\u015bcia w kwestiach kadrowych. Nasze zadania jako agencji pracy tymczasowej: Oddajemy naszym klientom do dyspozycji zmotywowanych pracownik\u00f3w, kt\u00f3rzy spe\u0142niaj\u0105 stawiane im wymagania oraz potrafi\u0105 poradzi\u0107 sobie z powierzonymi [&hellip;]","og_url":"https:\/\/www.personal-connection.eu\/ueber-uns\/","og_site_name":"personal-connection","article_modified_time":"2025-05-05T11:02:02+00:00","twitter_card":"summary_large_image","twitter_misc":{"Szacowany czas czytania":"5 minut"},"schema":{"@context":"https:\/\/schema.org","@graph":[{"@type":"WebPage","@id":"https:\/\/www.personal-connection.eu\/ueber-uns\/","url":"https:\/\/www.personal-connection.eu\/ueber-uns\/","name":"\u00dcber uns - personal-connection","isPartOf":{"@id":"https:\/\/www.personal-connection.eu\/#website"},"datePublished":"2017-12-08T11:24:16+00:00","dateModified":"2025-05-05T11:02:02+00:00","breadcrumb":{"@id":"https:\/\/www.personal-connection.eu\/ueber-uns\/#breadcrumb"},"inLanguage":"pl-PL","potentialAction":[{"@type":"ReadAction","target":["https:\/\/www.personal-connection.eu\/ueber-uns\/"]}]},{"@type":"BreadcrumbList","@id":"https:\/\/www.personal-connection.eu\/ueber-uns\/#breadcrumb","itemListElement":[{"@type":"ListItem","position":1,"name":"Startseite","item":"https:\/\/www.personal-connection.eu\/"},{"@type":"ListItem","position":2,"name":"\u00dcber uns"}]},{"@type":"WebSite","@id":"https:\/\/www.personal-connection.eu\/#website","url":"https:\/\/www.personal-connection.eu\/","name":"personal-connection","description":"Vermittlung von Busfahrern in Deutschland","potentialAction":[{"@type":"SearchAction","target":{"@type":"EntryPoint","urlTemplate":"https:\/\/www.personal-connection.eu\/?s={search_term_string}"},"query-input":{"@type":"PropertyValueSpecification","valueRequired":true,"valueName":"search_term_string"}}],"inLanguage":"pl-PL"}]}},"_links":{"self":[{"href":"https:\/\/www.personal-connection.eu\/pl\/wp-json\/wp\/v2\/pages\/225","targetHints":{"allow":["GET"]}}],"collection":[{"href":"https:\/\/www.personal-connection.eu\/pl\/wp-json\/wp\/v2\/pages"}],"about":[{"href":"https:\/\/www.personal-connection.eu\/pl\/wp-json\/wp\/v2\/types\/page"}],"author":[{"embeddable":true,"href":"https:\/\/www.personal-connection.eu\/pl\/wp-json\/wp\/v2\/users\/2"}],"replies":[{"embeddable":true,"href":"https:\/\/www.personal-connection.eu\/pl\/wp-json\/wp\/v2\/comments?post=225"}],"version-history":[{"count":18,"href":"https:\/\/www.personal-connection.eu\/pl\/wp-json\/wp\/v2\/pages\/225\/revisions"}],"predecessor-version":[{"id":6830,"href":"https:\/\/www.personal-connection.eu\/pl\/wp-json\/wp\/v2\/pages\/225\/revisions\/6830"}],"wp:attachment":[{"href":"https:\/\/www.personal-connection.eu\/pl\/wp-json\/wp\/v2\/media?parent=225"}],"curies":[{"name":"wp","href":"https:\/\/api.w.org\/{rel}","templated":true}]}}