{"id":212,"date":"2017-12-08T12:09:29","date_gmt":"2017-12-08T11:09:29","guid":{"rendered":"http:\/\/personal-connection.eu\/?page_id=212"},"modified":"2025-05-05T11:50:10","modified_gmt":"2025-05-05T09:50:10","slug":"jobs","status":"publish","type":"page","link":"https:\/\/www.personal-connection.eu\/pl\/jobs\/","title":{"rendered":"Jobs"},"content":{"rendered":"<div class=\"wpb-content-wrapper\"><p><\/p>\n<p>[vc_row][vc_column][vc_row_inner][vc_column_inner][vc_column_text css=&#8221;&#8221;]<\/p>\n<h3 class=\"content\">Praca dla kierowc\u00f3w autobus\u00f3w w Niemczech<\/h3>\n<p>[\/vc_column_text][\/vc_column_inner][\/vc_row_inner][\/vc_column][\/vc_row][vc_row][vc_column][vc_column_text css=&#8221;&#8221;]<strong>Wir bieten Ihnen:<\/strong><\/p>\n<ul>\n<li>\u00fcbertarifliche Verg\u00fctung<\/li>\n<li>fester Arbeitsvertrag<\/li>\n<li>Arbeitspl\u00e4tze fast \u00fcberall in Deutschland<\/li>\n<li>Busfahrerstellen im Fern-, Stadt- und \u00dcberlandlinienverkehr sowie im Reiseverkehr<\/li>\n<li>Hilfe bei der Integration nach Deutschland<\/li>\n<li>Wir unterst\u00fctzen Sie bei der Wohnungssuche<\/li>\n<\/ul>\n<p><strong>Das sollten Sie mitbringen:<\/strong><\/p>\n<ul>\n<li>g\u00fcltigen Code 95<\/li>\n<li>F\u00fchrerscheinklasse D\/DE<\/li>\n<li>gute Deutsch-Kenntnisse<\/li>\n<li>Spa\u00df am Umgang mit Menschen<\/li>\n<li>freundliches Auftreten<\/li>\n<\/ul>\n<p>[\/vc_column_text][\/vc_column][\/vc_row]<\/p>\n<p><\/p>\n<\/div>","protected":false},"excerpt":{"rendered":"<p>[vc_row][vc_column][vc_row_inner][vc_column_inner][vc_column_text css=&#8221;&#8221;] Praca dla kierowc\u00f3w autobus\u00f3w w Niemczech [\/vc_column_text][\/vc_column_inner][\/vc_row_inner][\/vc_column][\/vc_row][vc_row][vc_column][vc_column_text css=&#8221;&#8221;]Wir bieten Ihnen: \u00fcbertarifliche Verg\u00fctung fester Arbeitsvertrag Arbeitspl\u00e4tze fast \u00fcberall in Deutschland Busfahrerstellen im Fern-, Stadt- und \u00dcberlandlinienverkehr sowie im Reiseverkehr Hilfe bei der Integration nach Deutschland Wir unterst\u00fctzen Sie bei der Wohnungssuche Das sollten Sie mitbringen: g\u00fcltigen Code 95 F\u00fchrerscheinklasse D\/DE gute Deutsch-Kenntnisse Spa\u00df am [&hellip;]<\/p>\n","protected":false},"author":2,"featured_media":0,"parent":0,"menu_order":0,"comment_status":"closed","ping_status":"closed","template":"page-sidebar.php","meta":{"footnotes":""},"class_list":["post-212","page","type-page","status-publish","hentry"],"yoast_head":"<!-- This site is optimized with the Yoast SEO plugin v27.4 - https:\/\/yoast.com\/product\/yoast-seo-wordpress\/ -->\n<title>Jobs - personal-connection<\/title>\n<meta name=\"robots\" content=\"index, follow, max-snippet:-1, max-image-preview:large, max-video-preview:-1\" \/>\n<link rel=\"canonical\" href=\"https:\/\/www.personal-connection.eu\/jobs\/\" \/>\n<meta property=\"og:locale\" content=\"pl_PL\" \/>\n<meta property=\"og:type\" content=\"article\" \/>\n<meta property=\"og:title\" content=\"Jobs - personal-connection\" \/>\n<meta property=\"og:description\" content=\"[vc_row][vc_column][vc_row_inner][vc_column_inner][vc_column_text css=&#8221;&#8221;] Praca dla kierowc\u00f3w autobus\u00f3w w Niemczech [\/vc_column_text][\/vc_column_inner][\/vc_row_inner][\/vc_column][\/vc_row][vc_row][vc_column][vc_column_text css=&#8221;&#8221;]Wir bieten Ihnen: \u00fcbertarifliche Verg\u00fctung fester Arbeitsvertrag Arbeitspl\u00e4tze fast \u00fcberall in Deutschland Busfahrerstellen im Fern-, Stadt- und \u00dcberlandlinienverkehr sowie im Reiseverkehr Hilfe bei der Integration nach Deutschland Wir unterst\u00fctzen Sie bei der Wohnungssuche Das sollten Sie mitbringen: g\u00fcltigen Code 95 F\u00fchrerscheinklasse D\/DE gute Deutsch-Kenntnisse Spa\u00df am [&hellip;]\" \/>\n<meta property=\"og:url\" content=\"https:\/\/www.personal-connection.eu\/jobs\/\" \/>\n<meta property=\"og:site_name\" content=\"personal-connection\" \/>\n<meta property=\"article:modified_time\" content=\"2025-05-05T09:50:10+00:00\" \/>\n<meta name=\"twitter:card\" content=\"summary_large_image\" \/>\n<meta name=\"twitter:label1\" content=\"Szacowany czas czytania\" \/>\n\t<meta name=\"twitter:data1\" content=\"2 minuty\" \/>\n<script type=\"application\/ld+json\" class=\"yoast-schema-graph\">{\"@context\":\"https:\\\/\\\/schema.org\",\"@graph\":[{\"@type\":\"WebPage\",\"@id\":\"https:\\\/\\\/www.personal-connection.eu\\\/jobs\\\/\",\"url\":\"https:\\\/\\\/www.personal-connection.eu\\\/jobs\\\/\",\"name\":\"Jobs - personal-connection\",\"isPartOf\":{\"@id\":\"https:\\\/\\\/www.personal-connection.eu\\\/#website\"},\"datePublished\":\"2017-12-08T11:09:29+00:00\",\"dateModified\":\"2025-05-05T09:50:10+00:00\",\"breadcrumb\":{\"@id\":\"https:\\\/\\\/www.personal-connection.eu\\\/jobs\\\/#breadcrumb\"},\"inLanguage\":\"pl-PL\",\"potentialAction\":[{\"@type\":\"ReadAction\",\"target\":[\"https:\\\/\\\/www.personal-connection.eu\\\/jobs\\\/\"]}]},{\"@type\":\"BreadcrumbList\",\"@id\":\"https:\\\/\\\/www.personal-connection.eu\\\/jobs\\\/#breadcrumb\",\"itemListElement\":[{\"@type\":\"ListItem\",\"position\":1,\"name\":\"Startseite\",\"item\":\"https:\\\/\\\/www.personal-connection.eu\\\/\"},{\"@type\":\"ListItem\",\"position\":2,\"name\":\"Jobs\"}]},{\"@type\":\"WebSite\",\"@id\":\"https:\\\/\\\/www.personal-connection.eu\\\/#website\",\"url\":\"https:\\\/\\\/www.personal-connection.eu\\\/\",\"name\":\"personal-connection\",\"description\":\"Vermittlung von Busfahrern in Deutschland\",\"potentialAction\":[{\"@type\":\"SearchAction\",\"target\":{\"@type\":\"EntryPoint\",\"urlTemplate\":\"https:\\\/\\\/www.personal-connection.eu\\\/?s={search_term_string}\"},\"query-input\":{\"@type\":\"PropertyValueSpecification\",\"valueRequired\":true,\"valueName\":\"search_term_string\"}}],\"inLanguage\":\"pl-PL\"}]}<\/script>\n<!-- \/ Yoast SEO plugin. -->","yoast_head_json":{"title":"Jobs - personal-connection","robots":{"index":"index","follow":"follow","max-snippet":"max-snippet:-1","max-image-preview":"max-image-preview:large","max-video-preview":"max-video-preview:-1"},"canonical":"https:\/\/www.personal-connection.eu\/jobs\/","og_locale":"pl_PL","og_type":"article","og_title":"Jobs - personal-connection","og_description":"[vc_row][vc_column][vc_row_inner][vc_column_inner][vc_column_text css=&#8221;&#8221;] Praca dla kierowc\u00f3w autobus\u00f3w w Niemczech [\/vc_column_text][\/vc_column_inner][\/vc_row_inner][\/vc_column][\/vc_row][vc_row][vc_column][vc_column_text css=&#8221;&#8221;]Wir bieten Ihnen: \u00fcbertarifliche Verg\u00fctung fester Arbeitsvertrag Arbeitspl\u00e4tze fast \u00fcberall in Deutschland Busfahrerstellen im Fern-, Stadt- und \u00dcberlandlinienverkehr sowie im Reiseverkehr Hilfe bei der Integration nach Deutschland Wir unterst\u00fctzen Sie bei der Wohnungssuche Das sollten Sie mitbringen: g\u00fcltigen Code 95 F\u00fchrerscheinklasse D\/DE gute Deutsch-Kenntnisse Spa\u00df am [&hellip;]","og_url":"https:\/\/www.personal-connection.eu\/jobs\/","og_site_name":"personal-connection","article_modified_time":"2025-05-05T09:50:10+00:00","twitter_card":"summary_large_image","twitter_misc":{"Szacowany czas czytania":"2 minuty"},"schema":{"@context":"https:\/\/schema.org","@graph":[{"@type":"WebPage","@id":"https:\/\/www.personal-connection.eu\/jobs\/","url":"https:\/\/www.personal-connection.eu\/jobs\/","name":"Jobs - personal-connection","isPartOf":{"@id":"https:\/\/www.personal-connection.eu\/#website"},"datePublished":"2017-12-08T11:09:29+00:00","dateModified":"2025-05-05T09:50:10+00:00","breadcrumb":{"@id":"https:\/\/www.personal-connection.eu\/jobs\/#breadcrumb"},"inLanguage":"pl-PL","potentialAction":[{"@type":"ReadAction","target":["https:\/\/www.personal-connection.eu\/jobs\/"]}]},{"@type":"BreadcrumbList","@id":"https:\/\/www.personal-connection.eu\/jobs\/#breadcrumb","itemListElement":[{"@type":"ListItem","position":1,"name":"Startseite","item":"https:\/\/www.personal-connection.eu\/"},{"@type":"ListItem","position":2,"name":"Jobs"}]},{"@type":"WebSite","@id":"https:\/\/www.personal-connection.eu\/#website","url":"https:\/\/www.personal-connection.eu\/","name":"personal-connection","description":"Vermittlung von Busfahrern in Deutschland","potentialAction":[{"@type":"SearchAction","target":{"@type":"EntryPoint","urlTemplate":"https:\/\/www.personal-connection.eu\/?s={search_term_string}"},"query-input":{"@type":"PropertyValueSpecification","valueRequired":true,"valueName":"search_term_string"}}],"inLanguage":"pl-PL"}]}},"_links":{"self":[{"href":"https:\/\/www.personal-connection.eu\/pl\/wp-json\/wp\/v2\/pages\/212","targetHints":{"allow":["GET"]}}],"collection":[{"href":"https:\/\/www.personal-connection.eu\/pl\/wp-json\/wp\/v2\/pages"}],"about":[{"href":"https:\/\/www.personal-connection.eu\/pl\/wp-json\/wp\/v2\/types\/page"}],"author":[{"embeddable":true,"href":"https:\/\/www.personal-connection.eu\/pl\/wp-json\/wp\/v2\/users\/2"}],"replies":[{"embeddable":true,"href":"https:\/\/www.personal-connection.eu\/pl\/wp-json\/wp\/v2\/comments?post=212"}],"version-history":[{"count":19,"href":"https:\/\/www.personal-connection.eu\/pl\/wp-json\/wp\/v2\/pages\/212\/revisions"}],"predecessor-version":[{"id":6807,"href":"https:\/\/www.personal-connection.eu\/pl\/wp-json\/wp\/v2\/pages\/212\/revisions\/6807"}],"wp:attachment":[{"href":"https:\/\/www.personal-connection.eu\/pl\/wp-json\/wp\/v2\/media?parent=212"}],"curies":[{"name":"wp","href":"https:\/\/api.w.org\/{rel}","templated":true}]}}