{"id":204,"date":"2017-12-08T11:48:37","date_gmt":"2017-12-08T10:48:37","guid":{"rendered":"http:\/\/personal-connection.eu\/?page_id=204"},"modified":"2025-05-05T11:32:09","modified_gmt":"2025-05-05T09:32:09","slug":"fuer-bewerber","status":"publish","type":"page","link":"https:\/\/www.personal-connection.eu\/pl\/fuer-bewerber\/","title":{"rendered":"F\u00fcr Bewerber"},"content":{"rendered":"<div class=\"wpb-content-wrapper\"><p>[vc_row css=&#8221;.vc_custom_1512729440564{padding-bottom: 50px !important;}&#8221;][vc_column][vc_row_inner][vc_column_inner][vc_column_text css=&#8221;&#8221;]<\/p>\n<h3 class=\"content\">Pa\u0144stwa nowa praca na terenie Niemiec<\/h3>\n<p><strong>Witamy w personal connection GmbH \u2013 Twoim partnerze w kolejnym kroku w Twojej zawodowej przysz\u0142o\u015bci.<\/strong><\/p>\n<p>\u0141\u0105czymy utalentowanych profesjonalist\u00f3w z interesuj\u0105cymi mo\u017cliwo\u015bciami kariery w sektorze transportu. Dzi\u0119ki indywidualnemu doradztwu, spersonalizowanym ofertom pracy i silnej sieci kontakt\u00f3w wspieramy Ci\u0119 w znalezieniu pracy marze\u0144. Odkryjmy razem Twoje mo\u017cliwo\u015bci![\/vc_column_text][\/vc_column_inner][\/vc_row_inner][vc_row_inner equal_height=&#8221;yes&#8221; content_placement=&#8221;middle&#8221; el_class=&#8221;half-box&#8221; css=&#8221;.vc_custom_1512730935163{margin-top: -35px !important;}&#8221;][vc_column_inner width=&#8221;2\/3&#8243;][vc_column_text css=&#8221;.vc_custom_1518000364625{padding-top: 35px !important;}&#8221;]<\/p>\n<h2>Chcieliby\u015bcie Pa\u0144stwo pracowa\u0107 w Niemczech? Pomo\u017cemy Pa\u0144stwu w tym!<\/h2>\n<p>Firma personal-connection GmbH jest specjalist\u0105 w zakresie po\u015brednictwa pracy. Poniewa\u017c w chwili obecnej wyst\u0119puje sytuacja zwi\u0105zana z niedoborami kierowc\u00f3w, w celu pokrycia tego zapotrzebowania, rekrutujemy kierowc\u00f3w z obszaru Unii Europejskiej. Je\u017celi szukaj\u0105 Pa\u0144stwo bezpiecznego stanowiska pracy z wynagrodzeniem opartym na wytycznych taryfowych, z dodatkowymi \u015bwiadczeniami socjalnymi, to znale\u017ali si\u0119 Pa\u0144stwo w odpowiednim miejscu.[\/vc_column_text][\/vc_column_inner][vc_column_inner width=&#8221;1\/3&#8243; css=&#8221;.vc_custom_1520436369528{background-image: url(https:\/\/www.personal-connection.eu\/wp-content\/uploads\/2017\/07\/in-deutschland-arbeiten.jpg?id=286) !important;background-position: center !important;background-repeat: no-repeat !important;background-size: cover !important;}&#8221;][\/vc_column_inner][\/vc_row_inner][vc_row_inner equal_height=&#8221;yes&#8221; content_placement=&#8221;middle&#8221; el_class=&#8221;half-box&#8221;][vc_column_inner width=&#8221;2\/3&#8243;][vc_column_text css=&#8221;.vc_custom_1518000383500{padding-top: 35px !important;}&#8221;]<\/p>\n<h2>Zawodowe perspektywy dla kierowc\u00f3w pojazd\u00f3w ci\u0119\u017carowych oraz kierowc\u00f3w autobus\u00f3w.<\/h2>\n<p>Kierowcy zawodowi s\u0105 w Niemczech grup\u0105 zawodow\u0105 szczeg\u00f3lnie poszukiwan\u0105. Braki odpowiedniego personelu powoduj\u0105 w dzisiejszych czasach sytuacje kryzysowe. Je\u017celi posiadaj\u0105 Pa\u0144stwo prawo jazdy oraz kod 95 maj\u0105 Pa\u0144stwo du\u017ce szanse zawodowe w Niemczech. Pom\u00f3\u017ccie nam Pa\u0144stwo w utrzymaniu mobilno\u015bci.[\/vc_column_text][\/vc_column_inner][vc_column_inner width=&#8221;1\/3&#8243; css=&#8221;.vc_custom_1520436375783{background-image: url(https:\/\/www.personal-connection.eu\/wp-content\/uploads\/2017\/12\/berufliche-perspektiven.jpg?id=292) !important;background-position: center !important;background-repeat: no-repeat !important;background-size: cover !important;}&#8221;][\/vc_column_inner][\/vc_row_inner][vc_row_inner equal_height=&#8221;yes&#8221; content_placement=&#8221;middle&#8221; el_class=&#8221;half-box&#8221;][vc_column_inner width=&#8221;2\/3&#8243;][vc_column_text css=&#8221;.vc_custom_1518000397220{padding-top: 35px !important;}&#8221;]<\/p>\n<h2>Nasze us\u0142ugi skierowane dla kierowc\u00f3w.<\/h2>\n<p>Pomo\u017cemy Pa\u0144stwu w d\u0142ugoterminowej i uwie\u0144czonej sukcesem integracji z niemieck\u0105 spo\u0142eczno\u015bci\u0105. Zalicza si\u0119 do tego opieka w pe\u0142nym zakresie z naszej strony, zintegrowanie spo\u0142eczne oraz korzy\u015bci p\u0142yn\u0105ce z niemieckiego stosunku pracy. Nasi pracownicy korzystaj\u0105 ze wszystkich przywilej\u00f3w zwi\u0105zanych z zatrudnieniem wraz z zabezpieczeniem spo\u0142ecznym wynikaj\u0105cym z ustawowego obowi\u0105zku ubezpieczeniowego. Op\u0142acanie sk\u0142adek ubezpieczenia zdrowotnego, emerytalnego oraz opieku\u0144czego, jak r\u00f3wnie\u017c warunek kontynuacji wyp\u0142at wynagrodzenia na wypadek choroby s\u0105 obligatoryjnym obowi\u0105zkiem pracodawcy.[\/vc_column_text][\/vc_column_inner][vc_column_inner width=&#8221;1\/3&#8243; css=&#8221;.vc_custom_1520436381507{background-image: url(https:\/\/www.personal-connection.eu\/wp-content\/uploads\/2017\/12\/leistungen-fuer-fahrer.jpg?id=293) !important;background-position: center !important;background-repeat: no-repeat !important;background-size: cover !important;}&#8221;][\/vc_column_inner][\/vc_row_inner][vc_row_inner equal_height=&#8221;yes&#8221; content_placement=&#8221;middle&#8221; el_class=&#8221;half-box&#8221;][vc_column_inner width=&#8221;2\/3&#8243;][vc_column_text css=&#8221;.vc_custom_1518000409776{padding-top: 35px !important;}&#8221;]<\/p>\n<h2>Miejsce pracy spe\u0142niaj\u0105ce Pa\u0144stwa \u017cyczenia.<\/h2>\n<p>Zatrudnimy Pa\u0144stwa na bazie stosunku pracy na pe\u0142ny etat, otrzymaj\u0105 Pa\u0144stwo od nas r\u00f3wnie\u017c umow\u0119 o prac\u0119 na gruncie prawa niemieckiego. Poszukiwania odpowiedniego dla Pa\u0144stwa miejsca pracy prowadzimy maj\u0105c na uwadze pa\u0144stwa kwalifikacje. Uwzgl\u0119dniamy przy tym najbardziej jak to mo\u017cliwe Pa\u0144stwa \u017cyczenia.<br \/>\nPodczas prowadzonych z kandydatami cz\u0119stych rozm\u00f3w b\u0119d\u0105 mogli Pa\u0144stwo przekaza\u0107 nam informacje na temat swoich wyobra\u017ce\u0144 na temat pracy, przedyskutujemy dok\u0142adnie r\u00f3wnie\u017c temat naszej przysz\u0142ej wsp\u00f3\u0142pracy.<br \/>\n[\/vc_column_text][\/vc_column_inner][vc_column_inner width=&#8221;1\/3&#8243; css=&#8221;.vc_custom_1520436389819{background-image: url(https:\/\/www.personal-connection.eu\/wp-content\/uploads\/2017\/12\/arbeitsplatz-nach-ihren-wuenschen.jpg?id=294) !important;background-position: center !important;background-repeat: no-repeat !important;background-size: cover !important;}&#8221;][\/vc_column_inner][\/vc_row_inner][vc_column_text css=&#8221;&#8221;]<strong>Przed podpisaniem pierwszej umowy o prac\u0119 wesprzemy Pa\u0144stwa\u2026<\/strong><\/p>\n<p>\u2026 w trakcie poszukiwania zakwaterowania<br \/>\n\u2026 w kwestii zameldowania w miejscu zamieszkania<br \/>\n\u2026 we wszystkich sprawach [ dodatek na dzieci, wsp\u00f3\u0142ubezpieczenie rodziny, zmiany klasy podatkowej, etc\u2026)<br \/>\n\u2026 w integracji Pa\u0144stwa rodziny\u2026<br \/>\n\u2026. w korespondencji z urz\u0119dami<\/p>\n<p><strong>Nast\u0119puj\u0105ce przywileje przys\u0142uguj\u0105 Pa\u0144stwu w zwi\u0105zku z faktem bycia naszym pracownikiem:<\/strong><\/p>\n<ul>\n<li>Wszechstronna pomoc od samego pocz\u0105tku<\/li>\n<li>Sta\u0142y kontakt i opieka ka\u017cdej chwili<\/li>\n<li>Osobisty opiekun wesprze Pa\u0144stwa we wszystkich sytuacjach problemowych zwi\u0105zanych z zatrudnieniem.<\/li>\n<\/ul>\n<p><strong>Prosimy zaaplikowa\u0107 ju\u017c dzisiaj!<\/strong><br \/>\nWzbudzili\u015bmy Pa\u0144stwa zainteresowanie? Wyszukajcie Pa\u0144stwo stanowiska pracy dla siebie <a href=\"\/jobs\">[kliknij]<\/a>.<br \/>\nTak\u017ce spontaniczne aplikacje s\u0105 mile widziane \u2013 prosimy wysy\u0142a\u0107 na adres: <a href=\"mailto:info@personal-connection.eu\">info@personal-connection.eu<\/a>[\/vc_column_text][\/vc_column][\/vc_row]<\/p>\n<\/div>","protected":false},"excerpt":{"rendered":"<p>[vc_row css=&#8221;.vc_custom_1512729440564{padding-bottom: 50px !important;}&#8221;][vc_column][vc_row_inner][vc_column_inner][vc_column_text css=&#8221;&#8221;] Pa\u0144stwa nowa praca na terenie Niemiec Witamy w personal connection GmbH \u2013 Twoim partnerze w kolejnym kroku w Twojej zawodowej przysz\u0142o\u015bci. \u0141\u0105czymy utalentowanych profesjonalist\u00f3w z interesuj\u0105cymi mo\u017cliwo\u015bciami kariery w sektorze transportu. Dzi\u0119ki indywidualnemu doradztwu, spersonalizowanym ofertom pracy i silnej sieci kontakt\u00f3w wspieramy Ci\u0119 w znalezieniu pracy marze\u0144. Odkryjmy razem Twoje [&hellip;]<\/p>\n","protected":false},"author":2,"featured_media":0,"parent":0,"menu_order":0,"comment_status":"closed","ping_status":"open","template":"page-sidebar.php","meta":{"footnotes":""},"class_list":["post-204","page","type-page","status-publish","hentry"],"yoast_head":"<!-- This site is optimized with the Yoast SEO plugin v27.4 - https:\/\/yoast.com\/product\/yoast-seo-wordpress\/ -->\n<title>F\u00fcr Bewerber - personal-connection<\/title>\n<meta name=\"robots\" content=\"index, follow, max-snippet:-1, max-image-preview:large, max-video-preview:-1\" \/>\n<link rel=\"canonical\" href=\"https:\/\/www.personal-connection.eu\/en\/fuer-bewerber\/\" \/>\n<meta property=\"og:locale\" content=\"pl_PL\" \/>\n<meta property=\"og:type\" content=\"article\" \/>\n<meta property=\"og:title\" content=\"[:de]F\u00fcr Bewerber[:en]For candidates[:pl]F\u00fcr Bewerber[:] - personal-connection\" \/>\n<meta property=\"og:description\" content=\"[vc_row css=&#8221;.vc_custom_1512729440564{padding-bottom: 50px !important;}&#8221;][vc_column][vc_row_inner][vc_column_inner][vc_column_text css=&#8221;&#8221;] Pa\u0144stwa nowa praca na terenie Niemiec Witamy w personal connection GmbH \u2013 Twoim partnerze w kolejnym kroku w Twojej zawodowej przysz\u0142o\u015bci. \u0141\u0105czymy utalentowanych profesjonalist\u00f3w z interesuj\u0105cymi mo\u017cliwo\u015bciami kariery w sektorze transportu. Dzi\u0119ki indywidualnemu doradztwu, spersonalizowanym ofertom pracy i silnej sieci kontakt\u00f3w wspieramy Ci\u0119 w znalezieniu pracy marze\u0144. Odkryjmy razem Twoje [&hellip;]\" \/>\n<meta property=\"og:url\" content=\"https:\/\/www.personal-connection.eu\/en\/fuer-bewerber\/\" \/>\n<meta property=\"og:site_name\" content=\"personal-connection\" \/>\n<meta property=\"article:modified_time\" content=\"2025-05-05T09:32:09+00:00\" \/>\n<meta name=\"twitter:card\" content=\"summary_large_image\" \/>\n<meta name=\"twitter:label1\" content=\"Szacowany czas czytania\" \/>\n\t<meta name=\"twitter:data1\" content=\"3 minuty\" \/>\n<script type=\"application\/ld+json\" class=\"yoast-schema-graph\">{\"@context\":\"https:\\\/\\\/schema.org\",\"@graph\":[{\"@type\":\"WebPage\",\"@id\":\"https:\\\/\\\/www.personal-connection.eu\\\/en\\\/fuer-bewerber\\\/\",\"url\":\"https:\\\/\\\/www.personal-connection.eu\\\/en\\\/fuer-bewerber\\\/\",\"name\":\"[:de]F\u00fcr Bewerber[:en]For candidates[:pl]F\u00fcr Bewerber[:] - personal-connection\",\"isPartOf\":{\"@id\":\"https:\\\/\\\/www.personal-connection.eu\\\/#website\"},\"datePublished\":\"2017-12-08T10:48:37+00:00\",\"dateModified\":\"2025-05-05T09:32:09+00:00\",\"breadcrumb\":{\"@id\":\"https:\\\/\\\/www.personal-connection.eu\\\/en\\\/fuer-bewerber\\\/#breadcrumb\"},\"inLanguage\":\"pl-PL\",\"potentialAction\":[{\"@type\":\"ReadAction\",\"target\":[\"https:\\\/\\\/www.personal-connection.eu\\\/en\\\/fuer-bewerber\\\/\"]}]},{\"@type\":\"BreadcrumbList\",\"@id\":\"https:\\\/\\\/www.personal-connection.eu\\\/en\\\/fuer-bewerber\\\/#breadcrumb\",\"itemListElement\":[{\"@type\":\"ListItem\",\"position\":1,\"name\":\"Startseite\",\"item\":\"https:\\\/\\\/www.personal-connection.eu\\\/\"},{\"@type\":\"ListItem\",\"position\":2,\"name\":\"For candidates\"}]},{\"@type\":\"WebSite\",\"@id\":\"https:\\\/\\\/www.personal-connection.eu\\\/#website\",\"url\":\"https:\\\/\\\/www.personal-connection.eu\\\/\",\"name\":\"personal-connection\",\"description\":\"Vermittlung von Busfahrern in Deutschland\",\"potentialAction\":[{\"@type\":\"SearchAction\",\"target\":{\"@type\":\"EntryPoint\",\"urlTemplate\":\"https:\\\/\\\/www.personal-connection.eu\\\/?s={search_term_string}\"},\"query-input\":{\"@type\":\"PropertyValueSpecification\",\"valueRequired\":true,\"valueName\":\"search_term_string\"}}],\"inLanguage\":\"pl-PL\"}]}<\/script>\n<!-- \/ Yoast SEO plugin. -->","yoast_head_json":{"title":"[:de]F\u00fcr Bewerber[:en]For candidates[:pl]F\u00fcr Bewerber[:] - personal-connection","robots":{"index":"index","follow":"follow","max-snippet":"max-snippet:-1","max-image-preview":"max-image-preview:large","max-video-preview":"max-video-preview:-1"},"canonical":"https:\/\/www.personal-connection.eu\/en\/fuer-bewerber\/","og_locale":"pl_PL","og_type":"article","og_title":"[:de]F\u00fcr Bewerber[:en]For candidates[:pl]F\u00fcr Bewerber[:] - personal-connection","og_description":"[vc_row css=&#8221;.vc_custom_1512729440564{padding-bottom: 50px !important;}&#8221;][vc_column][vc_row_inner][vc_column_inner][vc_column_text css=&#8221;&#8221;] Pa\u0144stwa nowa praca na terenie Niemiec Witamy w personal connection GmbH \u2013 Twoim partnerze w kolejnym kroku w Twojej zawodowej przysz\u0142o\u015bci. \u0141\u0105czymy utalentowanych profesjonalist\u00f3w z interesuj\u0105cymi mo\u017cliwo\u015bciami kariery w sektorze transportu. Dzi\u0119ki indywidualnemu doradztwu, spersonalizowanym ofertom pracy i silnej sieci kontakt\u00f3w wspieramy Ci\u0119 w znalezieniu pracy marze\u0144. Odkryjmy razem Twoje [&hellip;]","og_url":"https:\/\/www.personal-connection.eu\/en\/fuer-bewerber\/","og_site_name":"personal-connection","article_modified_time":"2025-05-05T09:32:09+00:00","twitter_card":"summary_large_image","twitter_misc":{"Szacowany czas czytania":"3 minuty"},"schema":{"@context":"https:\/\/schema.org","@graph":[{"@type":"WebPage","@id":"https:\/\/www.personal-connection.eu\/en\/fuer-bewerber\/","url":"https:\/\/www.personal-connection.eu\/en\/fuer-bewerber\/","name":"[:de]F\u00fcr Bewerber[:en]For candidates[:pl]F\u00fcr Bewerber[:] - personal-connection","isPartOf":{"@id":"https:\/\/www.personal-connection.eu\/#website"},"datePublished":"2017-12-08T10:48:37+00:00","dateModified":"2025-05-05T09:32:09+00:00","breadcrumb":{"@id":"https:\/\/www.personal-connection.eu\/en\/fuer-bewerber\/#breadcrumb"},"inLanguage":"pl-PL","potentialAction":[{"@type":"ReadAction","target":["https:\/\/www.personal-connection.eu\/en\/fuer-bewerber\/"]}]},{"@type":"BreadcrumbList","@id":"https:\/\/www.personal-connection.eu\/en\/fuer-bewerber\/#breadcrumb","itemListElement":[{"@type":"ListItem","position":1,"name":"Startseite","item":"https:\/\/www.personal-connection.eu\/"},{"@type":"ListItem","position":2,"name":"For candidates"}]},{"@type":"WebSite","@id":"https:\/\/www.personal-connection.eu\/#website","url":"https:\/\/www.personal-connection.eu\/","name":"personal-connection","description":"Vermittlung von Busfahrern in Deutschland","potentialAction":[{"@type":"SearchAction","target":{"@type":"EntryPoint","urlTemplate":"https:\/\/www.personal-connection.eu\/?s={search_term_string}"},"query-input":{"@type":"PropertyValueSpecification","valueRequired":true,"valueName":"search_term_string"}}],"inLanguage":"pl-PL"}]}},"_links":{"self":[{"href":"https:\/\/www.personal-connection.eu\/pl\/wp-json\/wp\/v2\/pages\/204","targetHints":{"allow":["GET"]}}],"collection":[{"href":"https:\/\/www.personal-connection.eu\/pl\/wp-json\/wp\/v2\/pages"}],"about":[{"href":"https:\/\/www.personal-connection.eu\/pl\/wp-json\/wp\/v2\/types\/page"}],"author":[{"embeddable":true,"href":"https:\/\/www.personal-connection.eu\/pl\/wp-json\/wp\/v2\/users\/2"}],"replies":[{"embeddable":true,"href":"https:\/\/www.personal-connection.eu\/pl\/wp-json\/wp\/v2\/comments?post=204"}],"version-history":[{"count":25,"href":"https:\/\/www.personal-connection.eu\/pl\/wp-json\/wp\/v2\/pages\/204\/revisions"}],"predecessor-version":[{"id":6793,"href":"https:\/\/www.personal-connection.eu\/pl\/wp-json\/wp\/v2\/pages\/204\/revisions\/6793"}],"wp:attachment":[{"href":"https:\/\/www.personal-connection.eu\/pl\/wp-json\/wp\/v2\/media?parent=204"}],"curies":[{"name":"wp","href":"https:\/\/api.w.org\/{rel}","templated":true}]}}