{"id":135,"date":"2017-07-12T19:40:43","date_gmt":"2017-07-12T17:40:43","guid":{"rendered":"http:\/\/personal-connection.eu\/?page_id=135"},"modified":"2025-05-15T10:24:24","modified_gmt":"2025-05-15T08:24:24","slug":"impressum","status":"publish","type":"page","link":"https:\/\/www.personal-connection.eu\/pl\/impressum\/","title":{"rendered":"Impressum"},"content":{"rendered":"<div class=\"wpb-content-wrapper\"><p>[vc_row css=&#8221;.vc_custom_1499881186332{padding-top: 50px !important;padding-bottom: 50px !important;}&#8221;][vc_column][vc_row_inner][vc_column_inner][vc_column_text css=&#8221;&#8221;]<\/p>\n<h3 class=\"content\">Odcisk personal connection GmbH<\/h3>\n<p>personal-connection GmbH<br \/>\nGebhardtstra\u00dfe 2<br \/>\n90762 F\u00fcrth<\/p>\n<p>Tel.: +49 (0)911 \/ 47 89 15 80<br \/>\nE-Mail: <a href=\"mailto:info@hewue.de\">info@personal-connection.eu<\/a><br \/>\nWeb: <a href=\"http:\/\/www.hewue.de\/\">http:\/\/www.personal-connection.eu<\/a><\/p>\n<p>Dyrektor zarz\u0105dzaj\u0105cy: Adrian Diez<br \/>\nNumer identyfikacyjny VAT: DE278786164<br \/>\nRejestr handlowy F\u00fcrth<br \/>\nHRB: 17408<\/p>\n<hr \/>\n<p><strong>Uk\u0142ad, projekt, technologia i wdro\u017cenie strony internetowej:<\/strong><br \/>\nschimmer pixelMedia GmbH<br \/>\nStaufer Weg 3<br \/>\n91177 Thalm\u00e4ssing<br \/>\n<a href=\"https:\/\/www.scpxm.de\/\" target=\"_blank\" rel=\"noopener\">https:\/\/www.scpxm.de\/<\/a><\/p>\n<p><strong>\u0179r\u00f3d\u0142a obraz\u00f3w:<\/strong><br \/>\n<a href=\"http:\/\/www.shutterstock.com\" target=\"_blank\" rel=\"noopener\">www.shutterstock.com<\/a><\/p>\n<p><strong>Copyright<\/strong><br \/>\n\u00a9Personal-Connection &#8211; Wszelkie prawa zastrze\u017cone.<br \/>\nO ile nie zaznaczono inaczej, wszystkie strony na tym serwerze podlegaj\u0105 prawu autorskiemu. Dotyczy to w szczeg\u00f3lno\u015bci tekst\u00f3w, obraz\u00f3w, grafik, plik\u00f3w d\u017awi\u0119kowych, wideo lub animacji, \u0142\u0105cznie z ich rozmieszczeniem na stronach internetowych. Rozpowszechnianie i powielanie niniejszej publikacji lub jej fragment\u00f3w, w jakimkolwiek celu i w jakiejkolwiek formie, bez wyra\u017anej pisemnej zgody Personal-Connection GmbH jest zabronione. Zgody mog\u0105 udzieli\u0107 wy\u0142\u0105cznie osoby odpowiedzialne, kt\u00f3rych dane znajduj\u0105 si\u0119 w stopce redakcyjnej. Informacje zawarte w niniejszej publikacji mog\u0105 ulec zmianie bez wcze\u015bniejszego powiadomienia. Witryny internetowe i produkty oprogramowania oferowane przez Personal-Connection GmbH lub jej sp\u00f3\u0142ki dystrybucyjne mog\u0105 zawiera\u0107 elementy oprogramowania pochodz\u0105ce od innych producent\u00f3w oprogramowania. Wszystkie pliki mog\u0105 podlega\u0107 w ca\u0142o\u015bci lub cz\u0119\u015bci prawom autorskim os\u00f3b trzecich.<\/p>\n<p><strong>Marki i znaki towarowe <\/strong><br \/>\nWszystkie marki i znaki towarowe wymienione w ofercie internetowej i ewentualnie chronione przez osoby trzecie podlegaj\u0105 bez ogranicze\u0144 postanowieniom obowi\u0105zuj\u0105cego prawa znak\u00f3w towarowych oraz prawom w\u0142asno\u015bci odpowiednich zarejestrowanych w\u0142a\u015bcicieli.[\/vc_column_text][\/vc_column_inner][\/vc_row_inner][\/vc_column][\/vc_row]<\/p>\n<\/div>","protected":false},"excerpt":{"rendered":"<p>[vc_row css=&#8221;.vc_custom_1499881186332{padding-top: 50px !important;padding-bottom: 50px !important;}&#8221;][vc_column][vc_row_inner][vc_column_inner][vc_column_text css=&#8221;&#8221;] Odcisk personal connection GmbH personal-connection GmbH Gebhardtstra\u00dfe 2 90762 F\u00fcrth Tel.: +49 (0)911 \/ 47 89 15 80 E-Mail: info@personal-connection.eu Web: http:\/\/www.personal-connection.eu Dyrektor zarz\u0105dzaj\u0105cy: Adrian Diez Numer identyfikacyjny VAT: DE278786164 Rejestr handlowy F\u00fcrth HRB: 17408 Uk\u0142ad, projekt, technologia i wdro\u017cenie strony internetowej: schimmer pixelMedia GmbH Staufer Weg 3 [&hellip;]<\/p>\n","protected":false},"author":2,"featured_media":0,"parent":0,"menu_order":0,"comment_status":"closed","ping_status":"open","template":"","meta":{"footnotes":""},"class_list":["post-135","page","type-page","status-publish","hentry"],"yoast_head":"<!-- This site is optimized with the Yoast SEO plugin v27.4 - https:\/\/yoast.com\/product\/yoast-seo-wordpress\/ -->\n<title>Impressum - personal-connection<\/title>\n<meta name=\"robots\" content=\"index, follow, max-snippet:-1, max-image-preview:large, max-video-preview:-1\" \/>\n<link rel=\"canonical\" href=\"https:\/\/www.personal-connection.eu\/impressum\/\" \/>\n<meta property=\"og:locale\" content=\"pl_PL\" \/>\n<meta property=\"og:type\" content=\"article\" \/>\n<meta property=\"og:title\" content=\"Impressum - personal-connection\" \/>\n<meta property=\"og:description\" content=\"[vc_row css=&#8221;.vc_custom_1499881186332{padding-top: 50px !important;padding-bottom: 50px !important;}&#8221;][vc_column][vc_row_inner][vc_column_inner][vc_column_text css=&#8221;&#8221;] Odcisk personal connection GmbH personal-connection GmbH Gebhardtstra\u00dfe 2 90762 F\u00fcrth Tel.: +49 (0)911 \/ 47 89 15 80 E-Mail: info@personal-connection.eu Web: http:\/\/www.personal-connection.eu Dyrektor zarz\u0105dzaj\u0105cy: Adrian Diez Numer identyfikacyjny VAT: DE278786164 Rejestr handlowy F\u00fcrth HRB: 17408 Uk\u0142ad, projekt, technologia i wdro\u017cenie strony internetowej: schimmer pixelMedia GmbH Staufer Weg 3 [&hellip;]\" \/>\n<meta property=\"og:url\" content=\"https:\/\/www.personal-connection.eu\/impressum\/\" \/>\n<meta property=\"og:site_name\" content=\"personal-connection\" \/>\n<meta property=\"article:modified_time\" content=\"2025-05-15T08:24:24+00:00\" \/>\n<meta name=\"twitter:card\" content=\"summary_large_image\" \/>\n<meta name=\"twitter:label1\" content=\"Szacowany czas czytania\" \/>\n\t<meta name=\"twitter:data1\" content=\"2 minuty\" \/>\n<script type=\"application\/ld+json\" class=\"yoast-schema-graph\">{\"@context\":\"https:\\\/\\\/schema.org\",\"@graph\":[{\"@type\":\"WebPage\",\"@id\":\"https:\\\/\\\/www.personal-connection.eu\\\/impressum\\\/\",\"url\":\"https:\\\/\\\/www.personal-connection.eu\\\/impressum\\\/\",\"name\":\"Impressum - personal-connection\",\"isPartOf\":{\"@id\":\"https:\\\/\\\/www.personal-connection.eu\\\/#website\"},\"datePublished\":\"2017-07-12T17:40:43+00:00\",\"dateModified\":\"2025-05-15T08:24:24+00:00\",\"breadcrumb\":{\"@id\":\"https:\\\/\\\/www.personal-connection.eu\\\/impressum\\\/#breadcrumb\"},\"inLanguage\":\"pl-PL\",\"potentialAction\":[{\"@type\":\"ReadAction\",\"target\":[\"https:\\\/\\\/www.personal-connection.eu\\\/impressum\\\/\"]}]},{\"@type\":\"BreadcrumbList\",\"@id\":\"https:\\\/\\\/www.personal-connection.eu\\\/impressum\\\/#breadcrumb\",\"itemListElement\":[{\"@type\":\"ListItem\",\"position\":1,\"name\":\"Startseite\",\"item\":\"https:\\\/\\\/www.personal-connection.eu\\\/\"},{\"@type\":\"ListItem\",\"position\":2,\"name\":\"Impressum\"}]},{\"@type\":\"WebSite\",\"@id\":\"https:\\\/\\\/www.personal-connection.eu\\\/#website\",\"url\":\"https:\\\/\\\/www.personal-connection.eu\\\/\",\"name\":\"personal-connection\",\"description\":\"Vermittlung von Busfahrern in Deutschland\",\"potentialAction\":[{\"@type\":\"SearchAction\",\"target\":{\"@type\":\"EntryPoint\",\"urlTemplate\":\"https:\\\/\\\/www.personal-connection.eu\\\/?s={search_term_string}\"},\"query-input\":{\"@type\":\"PropertyValueSpecification\",\"valueRequired\":true,\"valueName\":\"search_term_string\"}}],\"inLanguage\":\"pl-PL\"}]}<\/script>\n<!-- \/ Yoast SEO plugin. -->","yoast_head_json":{"title":"Impressum - personal-connection","robots":{"index":"index","follow":"follow","max-snippet":"max-snippet:-1","max-image-preview":"max-image-preview:large","max-video-preview":"max-video-preview:-1"},"canonical":"https:\/\/www.personal-connection.eu\/impressum\/","og_locale":"pl_PL","og_type":"article","og_title":"Impressum - personal-connection","og_description":"[vc_row css=&#8221;.vc_custom_1499881186332{padding-top: 50px !important;padding-bottom: 50px !important;}&#8221;][vc_column][vc_row_inner][vc_column_inner][vc_column_text css=&#8221;&#8221;] Odcisk personal connection GmbH personal-connection GmbH Gebhardtstra\u00dfe 2 90762 F\u00fcrth Tel.: +49 (0)911 \/ 47 89 15 80 E-Mail: info@personal-connection.eu Web: http:\/\/www.personal-connection.eu Dyrektor zarz\u0105dzaj\u0105cy: Adrian Diez Numer identyfikacyjny VAT: DE278786164 Rejestr handlowy F\u00fcrth HRB: 17408 Uk\u0142ad, projekt, technologia i wdro\u017cenie strony internetowej: schimmer pixelMedia GmbH Staufer Weg 3 [&hellip;]","og_url":"https:\/\/www.personal-connection.eu\/impressum\/","og_site_name":"personal-connection","article_modified_time":"2025-05-15T08:24:24+00:00","twitter_card":"summary_large_image","twitter_misc":{"Szacowany czas czytania":"2 minuty"},"schema":{"@context":"https:\/\/schema.org","@graph":[{"@type":"WebPage","@id":"https:\/\/www.personal-connection.eu\/impressum\/","url":"https:\/\/www.personal-connection.eu\/impressum\/","name":"Impressum - personal-connection","isPartOf":{"@id":"https:\/\/www.personal-connection.eu\/#website"},"datePublished":"2017-07-12T17:40:43+00:00","dateModified":"2025-05-15T08:24:24+00:00","breadcrumb":{"@id":"https:\/\/www.personal-connection.eu\/impressum\/#breadcrumb"},"inLanguage":"pl-PL","potentialAction":[{"@type":"ReadAction","target":["https:\/\/www.personal-connection.eu\/impressum\/"]}]},{"@type":"BreadcrumbList","@id":"https:\/\/www.personal-connection.eu\/impressum\/#breadcrumb","itemListElement":[{"@type":"ListItem","position":1,"name":"Startseite","item":"https:\/\/www.personal-connection.eu\/"},{"@type":"ListItem","position":2,"name":"Impressum"}]},{"@type":"WebSite","@id":"https:\/\/www.personal-connection.eu\/#website","url":"https:\/\/www.personal-connection.eu\/","name":"personal-connection","description":"Vermittlung von Busfahrern in Deutschland","potentialAction":[{"@type":"SearchAction","target":{"@type":"EntryPoint","urlTemplate":"https:\/\/www.personal-connection.eu\/?s={search_term_string}"},"query-input":{"@type":"PropertyValueSpecification","valueRequired":true,"valueName":"search_term_string"}}],"inLanguage":"pl-PL"}]}},"_links":{"self":[{"href":"https:\/\/www.personal-connection.eu\/pl\/wp-json\/wp\/v2\/pages\/135","targetHints":{"allow":["GET"]}}],"collection":[{"href":"https:\/\/www.personal-connection.eu\/pl\/wp-json\/wp\/v2\/pages"}],"about":[{"href":"https:\/\/www.personal-connection.eu\/pl\/wp-json\/wp\/v2\/types\/page"}],"author":[{"embeddable":true,"href":"https:\/\/www.personal-connection.eu\/pl\/wp-json\/wp\/v2\/users\/2"}],"replies":[{"embeddable":true,"href":"https:\/\/www.personal-connection.eu\/pl\/wp-json\/wp\/v2\/comments?post=135"}],"version-history":[{"count":30,"href":"https:\/\/www.personal-connection.eu\/pl\/wp-json\/wp\/v2\/pages\/135\/revisions"}],"predecessor-version":[{"id":6838,"href":"https:\/\/www.personal-connection.eu\/pl\/wp-json\/wp\/v2\/pages\/135\/revisions\/6838"}],"wp:attachment":[{"href":"https:\/\/www.personal-connection.eu\/pl\/wp-json\/wp\/v2\/media?parent=135"}],"curies":[{"name":"wp","href":"https:\/\/api.w.org\/{rel}","templated":true}]}}